{"id":158,"date":"2023-03-24T18:56:14","date_gmt":"2023-03-24T21:56:14","guid":{"rendered":"https:\/\/lucianemedeiros.art.br\/?page_id=158"},"modified":"2023-07-03T15:39:52","modified_gmt":"2023-07-03T18:39:52","slug":"france","status":"publish","type":"page","link":"https:\/\/lucianemedeiros.art.br\/index.php\/france\/","title":{"rendered":"France"},"content":{"rendered":"\n<figure class=\"wp-block-image size-full\"><img decoding=\"async\" loading=\"lazy\" width=\"804\" height=\"567\" src=\"https:\/\/lucianemedeiros.art.br\/wp-content\/uploads\/2023\/03\/CascasSite-2.jpg\" alt=\"\" class=\"wp-image-180\" srcset=\"https:\/\/lucianemedeiros.art.br\/wp-content\/uploads\/2023\/03\/CascasSite-2.jpg 804w, https:\/\/lucianemedeiros.art.br\/wp-content\/uploads\/2023\/03\/CascasSite-2-300x212.jpg 300w, https:\/\/lucianemedeiros.art.br\/wp-content\/uploads\/2023\/03\/CascasSite-2-768x542.jpg 768w\" sizes=\"(max-width: 804px) 100vw, 804px\" \/><\/figure>\n\n\n\n<p class=\"has-x-large-font-size\">Luciane Medeiros<\/p>\n\n\n\n<p class=\"has-text-align-center has-large-font-size\">Plus je rentre en moi, plus je deviens indirigible.<\/p>\n\n\n\n<pre id=\"tw-target-text\" class=\"wp-block-preformatted has-system-font-font-family\"><strong>Qui suis-je, l'artiste?<\/strong><\/pre>\n\n\n\n<p>L&#8217;art a toujours \u00e9t\u00e9 une constante dans mon existence. Faire face aux impossibilit\u00e9s et aux limites de la vie m&#8217;a pouss\u00e9 vers une force motrice, un tonique pour l&#8217;expression de la cr\u00e9ativit\u00e9 en moi. Les traces, les griffures, les dessins me r\u00e9v\u00e8lent \u00e0 quel point je suis habit\u00e9 par l&#8217;\u00e9nergie vitale. Ils agissent comme des lettres, des cartographies pour me guider dans l&#8217;immense mer, un bastion de po\u00e9sie et de force.<\/p>\n\n\n\n<p>Sans planification, sans mod\u00e8les ni images pr\u00e9alables, je me lance avec plaisir dans l&#8217;aventure de forger des images, de les cr\u00e9er et, dans cette aventure, j&#8217;oublie le temps. La spontan\u00e9it\u00e9 s&#8217;installe si pleinement que je suis surprise par ce qui appara\u00eet sur les feuilles. Dans ce parcours, la repr\u00e9sentation de la nature int\u00e8gre les peintures et vient comme une nourriture pour l&#8217;\u00e2me.<\/p>\n\n\n\n<p>Artiste plasticien, \u00e9ducatrice en art par l\u2019Universidade Federal do Rio Grande do Norte, sp\u00e9cialiste en art-th\u00e9rapie par l\u2019Universidade Potiguar &#8211; UnP, en partenariat avec Alquimy Art \/ SP, membre fondateur de l\u2019Associa\u00e7\u00e3o Potiguar de Arteterapia &#8211; ASPOART et conseill\u00e8re p\u00e9dagogique aupr\u00e8s du Secretaria Municipal de Educa\u00e7\u00e3o de Natal.<\/p>\n\n\n\n<pre id=\"tw-target-text\" class=\"wp-block-preformatted\"><strong>Expositions individuelles<\/strong><\/pre>\n\n\n\n<p>2023 \u2013 Vest\u00edgios. Galeria D\u2019Arts Jos\u00e9 Val\u00e9rio Cavalcanti -Alian\u00e7a Francesa de Natal\/Natal RN<\/p>\n\n\n\n<p>2018 \u2013 Natureza. V Jornada Interdisciplinar do Instituto Bem-Te-Vi \u2013 Audit\u00f3rio da UNI-RN\/Natal RN<\/p>\n\n\n\n<p>2017 \u2013 Risco em Folhas. VI Jornada Interdisciplinar do Instituto Bem-Te-Vi \u2013 Audit\u00f3rio da UNI-RN\/Natal RN<\/p>\n\n\n\n<p>1988 \u2013 Luciane Medeiros. Galeria CRIARE Natal\/RN<\/p>\n\n\n\n<p><strong>Expositions collectives<\/strong><\/p>\n\n\n\n<p>2003 \u2013 Exposi\u00e7\u00e3o coletiva promovida pelo Instituto Educacional Casa escola Natal\/RN<\/p>\n\n\n\n<p>2022 \u2013 III Encontro Internacional de Aquarelistas \u2013 Biblioteca Estadual C\u00e2mara Cascudo \/NatalRN<\/p>\n\n\n\n<p>2022 \u2013&nbsp;<a href=\"https:\/\/www.youtube.com\/watch?v=nFiJkrOe95I\">III EIAN \u2013 EXPOSI\u00c7\u00c3O VIRTUAL (Encontro Internacional de Aquarelistas Natal\/RN 2022) \u2013 YouTube<\/a> (Exposition virtuelle)<\/p>\n\n\n\n<p>2023 &#8211; L&#8217;exposition &#8220;Collectif 2023&#8221; &#8211; Galerie la Mosa\u00efque &#8211; Saint Jean,&nbsp; France<\/p>\n\n\n\n<p><\/p>\n\n\n\n<pre id=\"tw-target-text\" class=\"wp-block-preformatted has-system-font-font-family has-large-font-size\"><strong>Oeuvres artistiques<\/strong> - peintures et textes\n<\/pre>\n\n\n\n<div class=\"is-layout-flex wp-container-3 wp-block-columns\">\n<div class=\"is-layout-flow wp-block-column\">\n<figure class=\"wp-block-image size-full\"><img decoding=\"async\" loading=\"lazy\" width=\"567\" height=\"801\" src=\"https:\/\/lucianemedeiros.art.br\/wp-content\/uploads\/2023\/03\/ArqueiraSite-1.jpg\" alt=\"\" class=\"wp-image-171\" srcset=\"https:\/\/lucianemedeiros.art.br\/wp-content\/uploads\/2023\/03\/ArqueiraSite-1.jpg 567w, https:\/\/lucianemedeiros.art.br\/wp-content\/uploads\/2023\/03\/ArqueiraSite-1-212x300.jpg 212w\" sizes=\"(max-width: 567px) 100vw, 567px\" \/><figcaption class=\"wp-element-caption\"><em>Arqueira<\/em>, 2016. Aquarelle sur papier<\/figcaption><\/figure>\n<\/div>\n\n\n\n<div class=\"is-layout-flow wp-block-column\">\n<figure class=\"wp-block-image size-full\"><img decoding=\"async\" loading=\"lazy\" width=\"567\" height=\"799\" src=\"https:\/\/lucianemedeiros.art.br\/wp-content\/uploads\/2023\/03\/EresSite-2.jpg\" alt=\"\" class=\"wp-image-172\" srcset=\"https:\/\/lucianemedeiros.art.br\/wp-content\/uploads\/2023\/03\/EresSite-2.jpg 567w, https:\/\/lucianemedeiros.art.br\/wp-content\/uploads\/2023\/03\/EresSite-2-213x300.jpg 213w\" sizes=\"(max-width: 567px) 100vw, 567px\" \/><figcaption class=\"wp-element-caption\"><em>Eres<\/em>, 2017. Aquarelle sur papier<\/figcaption><\/figure>\n<\/div>\n<\/div>\n\n\n\n<p>Le corps marqu\u00e9, \u00e9crit en po\u00e9sie, aim\u00e9 et parfois n\u00e9glig\u00e9, documente les coups de pinceau aqueux. Ils sont comme des ajouts ininterrompus, marqu\u00e9s sur de l&#8217;argile humide. Sur eux, des sensations o\u00f9 il n&#8217;y a ni nous ni noms. Les heures ne sont pas des phares dans les yeux et elles ne sont pas non plus saines.<\/p>\n\n\n\n<p><\/p>\n\n\n\n<div class=\"is-layout-flex wp-container-6 wp-block-columns\">\n<div class=\"is-layout-flow wp-block-column\">\n<figure class=\"wp-block-image size-full\"><img decoding=\"async\" loading=\"lazy\" width=\"805\" height=\"567\" src=\"https:\/\/lucianemedeiros.art.br\/wp-content\/uploads\/2023\/03\/FolhasSite-1.jpg\" alt=\"\" class=\"wp-image-174\" srcset=\"https:\/\/lucianemedeiros.art.br\/wp-content\/uploads\/2023\/03\/FolhasSite-1.jpg 805w, https:\/\/lucianemedeiros.art.br\/wp-content\/uploads\/2023\/03\/FolhasSite-1-300x211.jpg 300w, https:\/\/lucianemedeiros.art.br\/wp-content\/uploads\/2023\/03\/FolhasSite-1-768x541.jpg 768w\" sizes=\"(max-width: 805px) 100vw, 805px\" \/><figcaption class=\"wp-element-caption\">Folhas, 2015. Aquarelle sur papier<\/figcaption><\/figure>\n<\/div>\n\n\n\n<div class=\"is-layout-flow wp-block-column\">\n<figure class=\"wp-block-image size-full\"><img decoding=\"async\" loading=\"lazy\" width=\"806\" height=\"567\" src=\"https:\/\/lucianemedeiros.art.br\/wp-content\/uploads\/2023\/03\/La_sonadoraSite-1.jpg\" alt=\"\" class=\"wp-image-178\" srcset=\"https:\/\/lucianemedeiros.art.br\/wp-content\/uploads\/2023\/03\/La_sonadoraSite-1.jpg 806w, https:\/\/lucianemedeiros.art.br\/wp-content\/uploads\/2023\/03\/La_sonadoraSite-1-300x211.jpg 300w, https:\/\/lucianemedeiros.art.br\/wp-content\/uploads\/2023\/03\/La_sonadoraSite-1-768x540.jpg 768w\" sizes=\"(max-width: 806px) 100vw, 806px\" \/><figcaption class=\"wp-element-caption\"><em>La So\u00f1adora<\/em>, 2015. Aquarelle sur papier<\/figcaption><\/figure>\n<\/div>\n<\/div>\n\n\n\n<p>La remise est toujours un risque. L&#8217;amour en couleurs qui va et vient. Les sensations, les sentiments, les images qui deviennent possibles, perdent la dimension incommensurable de l&#8217;insupportable et deviennent du courage.<\/p>\n\n\n\n<div class=\"is-layout-flex wp-container-9 wp-block-columns\">\n<div class=\"is-layout-flow wp-block-column\">\n<figure class=\"wp-block-image size-full\"><img decoding=\"async\" loading=\"lazy\" width=\"567\" height=\"811\" src=\"https:\/\/lucianemedeiros.art.br\/wp-content\/uploads\/2023\/03\/InesperadoSite-1.jpg\" alt=\"\" class=\"wp-image-186\" srcset=\"https:\/\/lucianemedeiros.art.br\/wp-content\/uploads\/2023\/03\/InesperadoSite-1.jpg 567w, https:\/\/lucianemedeiros.art.br\/wp-content\/uploads\/2023\/03\/InesperadoSite-1-210x300.jpg 210w\" sizes=\"(max-width: 567px) 100vw, 567px\" \/><figcaption class=\"wp-element-caption\"><em>Inesperado<\/em>, 2017. Aquarelle sur papier<\/figcaption><\/figure>\n<\/div>\n\n\n\n<div class=\"is-layout-flow wp-block-column\">\n<figure class=\"wp-block-image size-full\"><img decoding=\"async\" loading=\"lazy\" width=\"567\" height=\"809\" src=\"https:\/\/lucianemedeiros.art.br\/wp-content\/uploads\/2023\/03\/Mao-da-arqueiraSite-1.jpg\" alt=\"\" class=\"wp-image-185\" srcset=\"https:\/\/lucianemedeiros.art.br\/wp-content\/uploads\/2023\/03\/Mao-da-arqueiraSite-1.jpg 567w, https:\/\/lucianemedeiros.art.br\/wp-content\/uploads\/2023\/03\/Mao-da-arqueiraSite-1-210x300.jpg 210w\" sizes=\"(max-width: 567px) 100vw, 567px\" \/><figcaption class=\"wp-element-caption\"><em>M\u00e3o da Arqueira<\/em>,<em> 2016. Aquarelle sur papier<\/em><\/figcaption><\/figure>\n<\/div>\n<\/div>\n\n\n\n<p>La main atteint presque et attrape de peu l\u2019air.&nbsp;Ce sont des tourbillons, des m\u00e9langes de sentiments sans mesures, sans pr\u00e9dictions. Transpirer les couleurs, d\u00e9former les reflets, mouler les chemins. L\u2019amour n\u2019a pas de r\u00e8gles. Vivre, c\u2019est comme danser entre la corde et le vent.<\/p>\n\n\n\n<div class=\"is-layout-flex wp-container-12 wp-block-columns\">\n<div class=\"is-layout-flow wp-block-column\">\n<figure class=\"wp-block-image size-full\"><img decoding=\"async\" loading=\"lazy\" width=\"804\" height=\"567\" src=\"https:\/\/lucianemedeiros.art.br\/wp-content\/uploads\/2023\/03\/CascasSite-3.jpg\" alt=\"\" class=\"wp-image-189\" srcset=\"https:\/\/lucianemedeiros.art.br\/wp-content\/uploads\/2023\/03\/CascasSite-3.jpg 804w, https:\/\/lucianemedeiros.art.br\/wp-content\/uploads\/2023\/03\/CascasSite-3-300x212.jpg 300w, https:\/\/lucianemedeiros.art.br\/wp-content\/uploads\/2023\/03\/CascasSite-3-768x542.jpg 768w\" sizes=\"(max-width: 804px) 100vw, 804px\" \/><figcaption class=\"wp-element-caption\"><em>Cascas, <\/em>2019. Aquarelle sur papier<\/figcaption><\/figure>\n<\/div>\n\n\n\n<div class=\"is-layout-flow wp-block-column\">\n<figure class=\"wp-block-image size-full\"><img decoding=\"async\" loading=\"lazy\" width=\"802\" height=\"567\" src=\"https:\/\/lucianemedeiros.art.br\/wp-content\/uploads\/2023\/03\/SaboresSite-1.jpg\" alt=\"\" class=\"wp-image-191\" srcset=\"https:\/\/lucianemedeiros.art.br\/wp-content\/uploads\/2023\/03\/SaboresSite-1.jpg 802w, https:\/\/lucianemedeiros.art.br\/wp-content\/uploads\/2023\/03\/SaboresSite-1-300x212.jpg 300w, https:\/\/lucianemedeiros.art.br\/wp-content\/uploads\/2023\/03\/SaboresSite-1-768x543.jpg 768w\" sizes=\"(max-width: 802px) 100vw, 802px\" \/><figcaption class=\"wp-element-caption\"><em>Sabores<\/em>, 2019. Aquarelle sur papier<\/figcaption><\/figure>\n<\/div>\n<\/div>\n\n\n\n<p>Les pelures tombent et r\u00e9sonnent sans saison. Il ne reste plus qu&#8217;\u00e0 sentir les saveurs oubli\u00e9es sur la table. L&#8217;amour est un \u00e9tat qui persiste au-del\u00e0 du temps. Ce n\u2019est pas \u00e0 moi, ce n\u2019est pas \u00e0 toi, mais c&#8217;est dans la rencontre. C&#8217;est ce qui se d\u00e9place de moi en toi et de toi en moi.<\/p>\n\n\n\n<div class=\"is-layout-flex wp-container-15 wp-block-columns\">\n<div class=\"is-layout-flow wp-block-column\">\n<figure class=\"wp-block-image size-full\"><img decoding=\"async\" loading=\"lazy\" width=\"794\" height=\"567\" src=\"https:\/\/lucianemedeiros.art.br\/wp-content\/uploads\/2023\/03\/CoracaoSite-1.jpg\" alt=\"\" class=\"wp-image-194\" srcset=\"https:\/\/lucianemedeiros.art.br\/wp-content\/uploads\/2023\/03\/CoracaoSite-1.jpg 794w, https:\/\/lucianemedeiros.art.br\/wp-content\/uploads\/2023\/03\/CoracaoSite-1-300x214.jpg 300w, https:\/\/lucianemedeiros.art.br\/wp-content\/uploads\/2023\/03\/CoracaoSite-1-768x548.jpg 768w\" sizes=\"(max-width: 794px) 100vw, 794px\" \/><figcaption class=\"wp-element-caption\"><em>Cora\u00e7\u00e3o, <\/em>2014. Aquarelle sur papier<\/figcaption><\/figure>\n<\/div>\n\n\n\n<div class=\"is-layout-flow wp-block-column\">\n<figure class=\"wp-block-image size-full\"><img decoding=\"async\" loading=\"lazy\" width=\"804\" height=\"567\" src=\"https:\/\/lucianemedeiros.art.br\/wp-content\/uploads\/2023\/03\/PulmoesSite-1.jpg\" alt=\"\" class=\"wp-image-196\" srcset=\"https:\/\/lucianemedeiros.art.br\/wp-content\/uploads\/2023\/03\/PulmoesSite-1.jpg 804w, https:\/\/lucianemedeiros.art.br\/wp-content\/uploads\/2023\/03\/PulmoesSite-1-300x212.jpg 300w, https:\/\/lucianemedeiros.art.br\/wp-content\/uploads\/2023\/03\/PulmoesSite-1-768x542.jpg 768w\" sizes=\"(max-width: 804px) 100vw, 804px\" \/><figcaption class=\"wp-element-caption\"><em>Pulm\u00f5es<\/em>, 2014. Aquarelle sur papier<\/figcaption><\/figure>\n<\/div>\n<\/div>\n\n\n\n<p>Respiration, c\u0153ur, poumon, expansion. Le sang traverse les cellules, circule, ouvre des chemins et provoque des mouvements. C&#8217;est un flux et une \u00e9nergie, une danse entre les lignes, un jeu continu d&#8217;ombres et de lumi\u00e8res.<\/p>\n\n\n\n<div class=\"is-layout-flex wp-container-18 wp-block-columns\">\n<div class=\"is-layout-flow wp-block-column\">\n<figure class=\"wp-block-image size-full\"><img decoding=\"async\" loading=\"lazy\" width=\"567\" height=\"797\" src=\"https:\/\/lucianemedeiros.art.br\/wp-content\/uploads\/2023\/03\/CostasSite-2.jpg\" alt=\"\" class=\"wp-image-198\" srcset=\"https:\/\/lucianemedeiros.art.br\/wp-content\/uploads\/2023\/03\/CostasSite-2.jpg 567w, https:\/\/lucianemedeiros.art.br\/wp-content\/uploads\/2023\/03\/CostasSite-2-213x300.jpg 213w\" sizes=\"(max-width: 567px) 100vw, 567px\" \/><figcaption class=\"wp-element-caption\"><em>Costas, <\/em>2019. Aquarelle sur papier<\/figcaption><\/figure>\n<\/div>\n\n\n\n<div class=\"is-layout-flow wp-block-column\">\n<figure class=\"wp-block-image size-large\"><img decoding=\"async\" loading=\"lazy\" width=\"728\" height=\"1024\" src=\"https:\/\/lucianemedeiros.art.br\/wp-content\/uploads\/2023\/03\/Doressite-728x1024.jpg\" alt=\"\" class=\"wp-image-202\" srcset=\"https:\/\/lucianemedeiros.art.br\/wp-content\/uploads\/2023\/03\/Doressite-728x1024.jpg 728w, https:\/\/lucianemedeiros.art.br\/wp-content\/uploads\/2023\/03\/Doressite-213x300.jpg 213w, https:\/\/lucianemedeiros.art.br\/wp-content\/uploads\/2023\/03\/Doressite-768x1081.jpg 768w, https:\/\/lucianemedeiros.art.br\/wp-content\/uploads\/2023\/03\/Doressite-1091x1536.jpg 1091w, https:\/\/lucianemedeiros.art.br\/wp-content\/uploads\/2023\/03\/Doressite.jpg 1181w\" sizes=\"(max-width: 728px) 100vw, 728px\" \/><figcaption class=\"wp-element-caption\"><em>Dores,<\/em> 2021. Aquarelle sur papier<\/figcaption><\/figure>\n<\/div>\n<\/div>\n\n\n\n<p>Traits, dessins, fluidit\u00e9 des couleurs, mots. Plus je rentre en moi, plus je deviens indirigible. Je lance \u00e0 l\u2019ext\u00e9rieur ce qui repose \u00e0 l&#8217;int\u00e9rieur. Des aiguilles et des lignes, une urgence apaisante. Tissu invisible, rar\u00e9fi\u00e9 de sentiments. Il ne doit pas \u00eatre pendu \u00e0 un fil ce qui se d\u00e9verse dans la mer.<\/p>\n\n\n\n<div class=\"is-layout-flex wp-container-21 wp-block-columns\">\n<div class=\"is-layout-flow wp-block-column\">\n<figure class=\"wp-block-image size-full\"><img decoding=\"async\" loading=\"lazy\" width=\"567\" height=\"802\" src=\"https:\/\/lucianemedeiros.art.br\/wp-content\/uploads\/2023\/03\/Passageira_do_ventoSite-1.jpg\" alt=\"\" class=\"wp-image-206\" srcset=\"https:\/\/lucianemedeiros.art.br\/wp-content\/uploads\/2023\/03\/Passageira_do_ventoSite-1.jpg 567w, https:\/\/lucianemedeiros.art.br\/wp-content\/uploads\/2023\/03\/Passageira_do_ventoSite-1-212x300.jpg 212w\" sizes=\"(max-width: 567px) 100vw, 567px\" \/><figcaption class=\"wp-element-caption\"><em>Passageira do vento, <\/em>2017. Aquarelle sur papier<\/figcaption><\/figure>\n<\/div>\n\n\n\n<div class=\"is-layout-flow wp-block-column\">\n<figure class=\"wp-block-image size-full\"><img decoding=\"async\" loading=\"lazy\" width=\"567\" height=\"804\" src=\"https:\/\/lucianemedeiros.art.br\/wp-content\/uploads\/2023\/03\/Segredo-do-tempoSite-1.jpg\" alt=\"\" class=\"wp-image-208\" srcset=\"https:\/\/lucianemedeiros.art.br\/wp-content\/uploads\/2023\/03\/Segredo-do-tempoSite-1.jpg 567w, https:\/\/lucianemedeiros.art.br\/wp-content\/uploads\/2023\/03\/Segredo-do-tempoSite-1-212x300.jpg 212w\" sizes=\"(max-width: 567px) 100vw, 567px\" \/><figcaption class=\"wp-element-caption\"><em>Segredo do tempo, <\/em>2017. Aquarelle sur papier<\/figcaption><\/figure>\n<\/div>\n<\/div>\n\n\n\n<p>Je vais voler au temps le temps qui m&#8217;appartient. On ne r\u00e9v\u00e8le pas ce qui n&#8217;existe pas. Les pores transpirent, transpirent, transpirent et se demandent pourquoi il pleut, mais les larmes tombent simplement. Il faut les laisser couler dans une transgression du sens commun.<\/p>\n\n\n\n<div class=\"is-layout-flex wp-container-23 wp-block-columns\">\n<div class=\"is-layout-flow wp-block-column\">\n<figure class=\"wp-block-image aligncenter size-full is-resized\"><img decoding=\"async\" loading=\"lazy\" src=\"https:\/\/lucianemedeiros.art.br\/wp-content\/uploads\/2023\/03\/PassagemSite-1.jpg\" alt=\"\" class=\"wp-image-211\" width=\"319\" height=\"428\" srcset=\"https:\/\/lucianemedeiros.art.br\/wp-content\/uploads\/2023\/03\/PassagemSite-1.jpg 567w, https:\/\/lucianemedeiros.art.br\/wp-content\/uploads\/2023\/03\/PassagemSite-1-224x300.jpg 224w\" sizes=\"(max-width: 319px) 100vw, 319px\" \/><figcaption class=\"wp-element-caption\"><em>Passagem<\/em>, 2022. Aquarelle sur papier<\/figcaption><\/figure>\n<\/div>\n<\/div>\n\n\n\n<p>Feuilles, des pousses de bambou en plein air, incassables comme les vastes subtilit\u00e9s de la rencontre avec le destin. Sentir plus que voir pourrait \u00eatre appel\u00e9 un miracle. La vie joue au four, br\u00fble les pieds et br\u00fblants sont les mots nouveau-n\u00e9s du vase cr\u00e9atif, l&#8217;ut\u00e9rus.<\/p>\n\n\n\n<p><\/p>\n\n\n\n<div class=\"is-layout-flex wp-container-25 wp-block-columns\">\n<div class=\"is-layout-flow wp-block-column\">\n<p class=\"has-large-font-size\"><strong>Atelier d&#8217;artiste<\/strong><\/p>\n\n\n\n<figure class=\"wp-block-image size-large\"><img decoding=\"async\" loading=\"lazy\" width=\"1024\" height=\"993\" src=\"https:\/\/lucianemedeiros.art.br\/wp-content\/uploads\/2023\/03\/AtelierCasadoVale-1-1024x993.jpg\" alt=\"\" class=\"wp-image-214\" srcset=\"https:\/\/lucianemedeiros.art.br\/wp-content\/uploads\/2023\/03\/AtelierCasadoVale-1-1024x993.jpg 1024w, https:\/\/lucianemedeiros.art.br\/wp-content\/uploads\/2023\/03\/AtelierCasadoVale-1-300x291.jpg 300w, https:\/\/lucianemedeiros.art.br\/wp-content\/uploads\/2023\/03\/AtelierCasadoVale-1-768x745.jpg 768w, https:\/\/lucianemedeiros.art.br\/wp-content\/uploads\/2023\/03\/AtelierCasadoVale-1-1536x1490.jpg 1536w, https:\/\/lucianemedeiros.art.br\/wp-content\/uploads\/2023\/03\/AtelierCasadoVale-1-2048x1987.jpg 2048w\" sizes=\"(max-width: 1024px) 100vw, 1024px\" \/><figcaption class=\"wp-element-caption\">Atelier <em>Casa do Vale<\/em>. Pium, Parnamirim\/RN, Br\u00e9sil<\/figcaption><\/figure>\n<\/div>\n<\/div>\n\n\n\n<p>T\u00e9l\u00e9phone: +5584 994310683<\/p>\n\n\n\n<p>E-mail: luametista@gmail.com<\/p>\n\n\n\n<p>Instagram: @luametista<\/p>\n\n\n\n<p>Laissez un message. Je vous r\u00e9pondrai d\u00e8s que possible. Je vous remercie de votre attention<\/p>\n\n\n\n<div class=\"wp-block-contact-form-7-contact-form-selector\">\n<div class=\"wpcf7 no-js\" id=\"wpcf7-f274-o1\" lang=\"pt-BR\" dir=\"ltr\">\n<div class=\"screen-reader-response\"><p role=\"status\" aria-live=\"polite\" aria-atomic=\"true\"><\/p> <ul><\/ul><\/div>\n<form action=\"\/index.php\/wp-json\/wp\/v2\/pages\/158#wpcf7-f274-o1\" method=\"post\" class=\"wpcf7-form init\" aria-label=\"Formul\u00e1rios de contato\" novalidate=\"novalidate\" data-status=\"init\">\n<div style=\"display: none;\">\n<input type=\"hidden\" name=\"_wpcf7\" value=\"274\" \/>\n<input type=\"hidden\" name=\"_wpcf7_version\" value=\"5.7.7\" \/>\n<input type=\"hidden\" name=\"_wpcf7_locale\" value=\"pt_BR\" \/>\n<input type=\"hidden\" name=\"_wpcf7_unit_tag\" value=\"wpcf7-f274-o1\" \/>\n<input type=\"hidden\" name=\"_wpcf7_container_post\" value=\"0\" \/>\n<input type=\"hidden\" name=\"_wpcf7_posted_data_hash\" value=\"\" \/>\n<\/div>\n<p><label> Non Prenon<br \/>\n<span class=\"wpcf7-form-control-wrap\" data-name=\"your-name\"><input size=\"40\" class=\"wpcf7-form-control wpcf7-text wpcf7-validates-as-required\" autocomplete=\"name\" aria-required=\"true\" aria-invalid=\"false\" value=\"\" type=\"text\" name=\"your-name\" \/><\/span> <\/label>\n<\/p>\n<p><label> Mail<br \/>\n<span class=\"wpcf7-form-control-wrap\" data-name=\"your-email\"><input size=\"40\" class=\"wpcf7-form-control wpcf7-text wpcf7-email wpcf7-validates-as-required wpcf7-validates-as-email\" autocomplete=\"email\" aria-required=\"true\" aria-invalid=\"false\" value=\"\" type=\"email\" name=\"your-email\" \/><\/span> <\/label>\n<\/p>\n<p><label> Sujet<br \/>\n<span class=\"wpcf7-form-control-wrap\" data-name=\"your-subject\"><input size=\"40\" class=\"wpcf7-form-control wpcf7-text wpcf7-validates-as-required\" aria-required=\"true\" aria-invalid=\"false\" value=\"\" type=\"text\" name=\"your-subject\" \/><\/span> <\/label>\n<\/p>\n<p><label> Message (opcional)<br \/>\n<span class=\"wpcf7-form-control-wrap\" data-name=\"your-message\"><textarea cols=\"40\" rows=\"10\" class=\"wpcf7-form-control wpcf7-textarea\" aria-invalid=\"false\" name=\"your-message\"><\/textarea><\/span> <\/label>\n<\/p>\n<p><input class=\"wpcf7-form-control has-spinner wpcf7-submit\" type=\"submit\" value=\"Envoyer\" \/>\n<\/p><div class=\"wpcf7-response-output\" aria-hidden=\"true\"><\/div>\n<\/form>\n<\/div>\n<\/div>\n\n\n\n<p><a href=\"https:\/\/lucianemedeiros.art.br\/\">Luciane Medeiros<\/a><\/p>\n","protected":false},"excerpt":{"rendered":"<p>Luciane Medeiros Plus je rentre en moi, plus je deviens indirigible. Qui suis-je, l&#8217;artiste? L&#8217;art a toujours \u00e9t\u00e9 une constante dans mon existence. Faire face aux impossibilit\u00e9s et aux limites de la vie m&#8217;a pouss\u00e9 vers une force motrice, un tonique pour l&#8217;expression de la cr\u00e9ativit\u00e9 en moi. Les traces, les griffures, les dessins me [&hellip;]<\/p>\n","protected":false},"author":1,"featured_media":0,"parent":0,"menu_order":0,"comment_status":"closed","ping_status":"closed","template":"","meta":[],"_links":{"self":[{"href":"https:\/\/lucianemedeiros.art.br\/index.php\/wp-json\/wp\/v2\/pages\/158"}],"collection":[{"href":"https:\/\/lucianemedeiros.art.br\/index.php\/wp-json\/wp\/v2\/pages"}],"about":[{"href":"https:\/\/lucianemedeiros.art.br\/index.php\/wp-json\/wp\/v2\/types\/page"}],"author":[{"embeddable":true,"href":"https:\/\/lucianemedeiros.art.br\/index.php\/wp-json\/wp\/v2\/users\/1"}],"replies":[{"embeddable":true,"href":"https:\/\/lucianemedeiros.art.br\/index.php\/wp-json\/wp\/v2\/comments?post=158"}],"version-history":[{"count":28,"href":"https:\/\/lucianemedeiros.art.br\/index.php\/wp-json\/wp\/v2\/pages\/158\/revisions"}],"predecessor-version":[{"id":276,"href":"https:\/\/lucianemedeiros.art.br\/index.php\/wp-json\/wp\/v2\/pages\/158\/revisions\/276"}],"wp:attachment":[{"href":"https:\/\/lucianemedeiros.art.br\/index.php\/wp-json\/wp\/v2\/media?parent=158"}],"curies":[{"name":"wp","href":"https:\/\/api.w.org\/{rel}","templated":true}]}}