{"id":43,"date":"2023-03-21T13:31:20","date_gmt":"2023-03-21T16:31:20","guid":{"rendered":"https:\/\/lucianemedeiros.art.br\/?page_id=43"},"modified":"2023-03-24T20:26:20","modified_gmt":"2023-03-24T23:26:20","slug":"obras-da-artista","status":"publish","type":"page","link":"https:\/\/lucianemedeiros.art.br\/index.php\/obras-da-artista\/","title":{"rendered":"Obras"},"content":{"rendered":"\n<p>Pinturas e textos &#8211; Luciane Medeiros<\/p>\n\n\n\n<div class=\"is-layout-flex wp-container-3 wp-block-columns\">\n<div class=\"is-layout-flow wp-block-column\">\n<figure class=\"wp-block-image size-full\"><img decoding=\"async\" loading=\"lazy\" width=\"567\" height=\"801\" src=\"https:\/\/lucianemedeiros.art.br\/wp-content\/uploads\/2023\/03\/ArqueiraSite-2.jpg\" alt=\"\" class=\"wp-image-224\" srcset=\"https:\/\/lucianemedeiros.art.br\/wp-content\/uploads\/2023\/03\/ArqueiraSite-2.jpg 567w, https:\/\/lucianemedeiros.art.br\/wp-content\/uploads\/2023\/03\/ArqueiraSite-2-212x300.jpg 212w\" sizes=\"(max-width: 567px) 100vw, 567px\" \/><figcaption class=\"wp-element-caption\">Arqueira, 2016. Aquarela sobre papel<\/figcaption><\/figure>\n<\/div>\n\n\n\n<div class=\"is-layout-flow wp-block-column\">\n<figure class=\"wp-block-image size-full\"><img decoding=\"async\" loading=\"lazy\" width=\"567\" height=\"799\" src=\"https:\/\/lucianemedeiros.art.br\/wp-content\/uploads\/2023\/03\/EresSite-3.jpg\" alt=\"\" class=\"wp-image-226\" srcset=\"https:\/\/lucianemedeiros.art.br\/wp-content\/uploads\/2023\/03\/EresSite-3.jpg 567w, https:\/\/lucianemedeiros.art.br\/wp-content\/uploads\/2023\/03\/EresSite-3-213x300.jpg 213w\" sizes=\"(max-width: 567px) 100vw, 567px\" \/><figcaption class=\"wp-element-caption\">Eres, 2017. Aquarela sobre papel<\/figcaption><\/figure>\n<\/div>\n<\/div>\n\n\n\n<p>O corpo marcado, escrito em poesia, amado e por vezes descuidado, documenta as pinceladas aguadas. S\u00e3o como acr\u00e9scimos ininterruptos, marcados sobre a argila \u00famida. Sobre elas, sensa\u00e7\u00f5es onde n\u00e3o h\u00e1 n\u00f3s e nem nomes. As horas n\u00e3o s\u00e3o far\u00f3is em olhos e nem s\u00e3o s\u00e3s.\u00a0<\/p>\n\n\n\n<div class=\"is-layout-flex wp-container-6 wp-block-columns\">\n<div class=\"is-layout-flow wp-block-column\">\n<figure class=\"wp-block-image size-full\"><img decoding=\"async\" loading=\"lazy\" width=\"805\" height=\"567\" src=\"https:\/\/lucianemedeiros.art.br\/wp-content\/uploads\/2023\/03\/FolhasSite-2.jpg\" alt=\"\" class=\"wp-image-229\" srcset=\"https:\/\/lucianemedeiros.art.br\/wp-content\/uploads\/2023\/03\/FolhasSite-2.jpg 805w, https:\/\/lucianemedeiros.art.br\/wp-content\/uploads\/2023\/03\/FolhasSite-2-300x211.jpg 300w, https:\/\/lucianemedeiros.art.br\/wp-content\/uploads\/2023\/03\/FolhasSite-2-768x541.jpg 768w\" sizes=\"(max-width: 805px) 100vw, 805px\" \/><figcaption class=\"wp-element-caption\">Folhas, 2015. Aquarela sobre papel<\/figcaption><\/figure>\n<\/div>\n\n\n\n<div class=\"is-layout-flow wp-block-column\">\n<figure class=\"wp-block-image size-full\"><img decoding=\"async\" loading=\"lazy\" width=\"806\" height=\"567\" src=\"https:\/\/lucianemedeiros.art.br\/wp-content\/uploads\/2023\/03\/La_sonadoraSite-2.jpg\" alt=\"\" class=\"wp-image-230\" srcset=\"https:\/\/lucianemedeiros.art.br\/wp-content\/uploads\/2023\/03\/La_sonadoraSite-2.jpg 806w, https:\/\/lucianemedeiros.art.br\/wp-content\/uploads\/2023\/03\/La_sonadoraSite-2-300x211.jpg 300w, https:\/\/lucianemedeiros.art.br\/wp-content\/uploads\/2023\/03\/La_sonadoraSite-2-768x540.jpg 768w\" sizes=\"(max-width: 806px) 100vw, 806px\" \/><figcaption class=\"wp-element-caption\">La So\u00f1adora, 2015. Aquarela sobre papel<\/figcaption><\/figure>\n<\/div>\n<\/div>\n\n\n\n<p class=\"has-text-align-left\">A entrega \u00e9 sempre um arriscar. O amor em cores que vai e vem. Sensa\u00e7\u00f5es, sentimentos, imagens que se tornam poss\u00edveis, perdem a dimens\u00e3o incomensur\u00e1vel do insuport\u00e1vel e se transformam em coragem.\u00a0<\/p>\n\n\n\n<div class=\"is-layout-flex wp-container-9 wp-block-columns\">\n<div class=\"is-layout-flow wp-block-column\">\n<figure class=\"wp-block-image size-full\"><img decoding=\"async\" loading=\"lazy\" width=\"567\" height=\"811\" src=\"https:\/\/lucianemedeiros.art.br\/wp-content\/uploads\/2023\/03\/InesperadoSite-2.jpg\" alt=\"\" class=\"wp-image-234\" srcset=\"https:\/\/lucianemedeiros.art.br\/wp-content\/uploads\/2023\/03\/InesperadoSite-2.jpg 567w, https:\/\/lucianemedeiros.art.br\/wp-content\/uploads\/2023\/03\/InesperadoSite-2-210x300.jpg 210w\" sizes=\"(max-width: 567px) 100vw, 567px\" \/><figcaption class=\"wp-element-caption\">Inesperado, 2017. Aquarela sobre papel<\/figcaption><\/figure>\n<\/div>\n\n\n\n<div class=\"is-layout-flow wp-block-column\">\n<figure class=\"wp-block-image size-full\"><img decoding=\"async\" loading=\"lazy\" width=\"567\" height=\"809\" src=\"https:\/\/lucianemedeiros.art.br\/wp-content\/uploads\/2023\/03\/Mao-da-arqueiraSite-2.jpg\" alt=\"\" class=\"wp-image-235\" srcset=\"https:\/\/lucianemedeiros.art.br\/wp-content\/uploads\/2023\/03\/Mao-da-arqueiraSite-2.jpg 567w, https:\/\/lucianemedeiros.art.br\/wp-content\/uploads\/2023\/03\/Mao-da-arqueiraSite-2-210x300.jpg 210w\" sizes=\"(max-width: 567px) 100vw, 567px\" \/><figcaption class=\"wp-element-caption\">M\u00e3o da Arqueira, 2016. Aquarela sobre papel<\/figcaption><\/figure>\n<\/div>\n<\/div>\n\n\n\n<p>A m\u00e3o quase alcan\u00e7a e por pouco agarra o ar. S\u00e3o redemoinhos, misturas de sentimentos sem medidas, sem previs\u00f5es. Suar cores, destorcer reflexos, plasmar caminhos. O amor n\u00e3o tem regras. Viver \u00e9 como dan\u00e7ar entre a corda e o vento.<\/p>\n\n\n\n<div class=\"is-layout-flex wp-container-12 wp-block-columns\">\n<div class=\"is-layout-flow wp-block-column\">\n<figure class=\"wp-block-image size-full\"><img decoding=\"async\" loading=\"lazy\" width=\"804\" height=\"567\" src=\"https:\/\/lucianemedeiros.art.br\/wp-content\/uploads\/2023\/03\/CascasSite-4.jpg\" alt=\"\" class=\"wp-image-238\" srcset=\"https:\/\/lucianemedeiros.art.br\/wp-content\/uploads\/2023\/03\/CascasSite-4.jpg 804w, https:\/\/lucianemedeiros.art.br\/wp-content\/uploads\/2023\/03\/CascasSite-4-300x212.jpg 300w, https:\/\/lucianemedeiros.art.br\/wp-content\/uploads\/2023\/03\/CascasSite-4-768x542.jpg 768w\" sizes=\"(max-width: 804px) 100vw, 804px\" \/><figcaption class=\"wp-element-caption\">Cascas, 2019. Aquarela sobre papel<\/figcaption><\/figure>\n<\/div>\n\n\n\n<div class=\"is-layout-flow wp-block-column\">\n<figure class=\"wp-block-image size-full\"><img decoding=\"async\" loading=\"lazy\" width=\"802\" height=\"567\" src=\"https:\/\/lucianemedeiros.art.br\/wp-content\/uploads\/2023\/03\/SaboresSite-2.jpg\" alt=\"\" class=\"wp-image-239\" srcset=\"https:\/\/lucianemedeiros.art.br\/wp-content\/uploads\/2023\/03\/SaboresSite-2.jpg 802w, https:\/\/lucianemedeiros.art.br\/wp-content\/uploads\/2023\/03\/SaboresSite-2-300x212.jpg 300w, https:\/\/lucianemedeiros.art.br\/wp-content\/uploads\/2023\/03\/SaboresSite-2-768x543.jpg 768w\" sizes=\"(max-width: 802px) 100vw, 802px\" \/><figcaption class=\"wp-element-caption\">Sabores, 2019. Aquarela sobre papel<\/figcaption><\/figure>\n<\/div>\n<\/div>\n\n\n\n<p>As cascas caem e ecoam sem \u00e9poca. S\u00f3 resta sentir os sabores esquecidos sobre a mesa. O amor \u00e9 um estado que persiste para al\u00e9m do tempo. N\u00e3o \u00e9 meu, n\u00e3o \u00e9 seu, mas est\u00e1 no encontro. \u00c9 o que move de mim em voc\u00ea e de voc\u00ea em mim.<\/p>\n\n\n\n<div class=\"is-layout-flex wp-container-15 wp-block-columns\">\n<div class=\"is-layout-flow wp-block-column\">\n<figure class=\"wp-block-image size-full\"><img decoding=\"async\" loading=\"lazy\" width=\"794\" height=\"567\" src=\"https:\/\/lucianemedeiros.art.br\/wp-content\/uploads\/2023\/03\/CoracaoSite-2.jpg\" alt=\"\" class=\"wp-image-243\" srcset=\"https:\/\/lucianemedeiros.art.br\/wp-content\/uploads\/2023\/03\/CoracaoSite-2.jpg 794w, https:\/\/lucianemedeiros.art.br\/wp-content\/uploads\/2023\/03\/CoracaoSite-2-300x214.jpg 300w, https:\/\/lucianemedeiros.art.br\/wp-content\/uploads\/2023\/03\/CoracaoSite-2-768x548.jpg 768w\" sizes=\"(max-width: 794px) 100vw, 794px\" \/><figcaption class=\"wp-element-caption\">Cora\u00e7\u00e3o, 2014. Aquarela sobre papel<\/figcaption><\/figure>\n<\/div>\n\n\n\n<div class=\"is-layout-flow wp-block-column\">\n<figure class=\"wp-block-image size-full\"><img decoding=\"async\" loading=\"lazy\" width=\"804\" height=\"567\" src=\"https:\/\/lucianemedeiros.art.br\/wp-content\/uploads\/2023\/03\/PulmoesSite-2.jpg\" alt=\"\" class=\"wp-image-244\" srcset=\"https:\/\/lucianemedeiros.art.br\/wp-content\/uploads\/2023\/03\/PulmoesSite-2.jpg 804w, https:\/\/lucianemedeiros.art.br\/wp-content\/uploads\/2023\/03\/PulmoesSite-2-300x212.jpg 300w, https:\/\/lucianemedeiros.art.br\/wp-content\/uploads\/2023\/03\/PulmoesSite-2-768x542.jpg 768w\" sizes=\"(max-width: 804px) 100vw, 804px\" \/><figcaption class=\"wp-element-caption\">Pulm\u00f5es, 2014. Aquarela sobre papel<\/figcaption><\/figure>\n<\/div>\n<\/div>\n\n\n\n<p>Respira\u00e7\u00e3o, cora\u00e7\u00e3o, pulm\u00e3o, expans\u00e3o. O sangue percorre c\u00e9lulas, circula, abre caminhos e provoca movimentos. \u00c9 fluxo e energia, dan\u00e7a nas entrelinhas, jogo cont\u00ednuo de sombras e de luzes.<\/p>\n\n\n\n<div class=\"is-layout-flex wp-container-18 wp-block-columns\">\n<div class=\"is-layout-flow wp-block-column\">\n<figure class=\"wp-block-image size-full\"><img decoding=\"async\" loading=\"lazy\" width=\"567\" height=\"797\" src=\"https:\/\/lucianemedeiros.art.br\/wp-content\/uploads\/2023\/03\/CostasSite-3.jpg\" alt=\"\" class=\"wp-image-246\" srcset=\"https:\/\/lucianemedeiros.art.br\/wp-content\/uploads\/2023\/03\/CostasSite-3.jpg 567w, https:\/\/lucianemedeiros.art.br\/wp-content\/uploads\/2023\/03\/CostasSite-3-213x300.jpg 213w\" sizes=\"(max-width: 567px) 100vw, 567px\" \/><figcaption class=\"wp-element-caption\">Costas, 2019. Aquarela sobre papel<\/figcaption><\/figure>\n<\/div>\n\n\n\n<div class=\"is-layout-flow wp-block-column\">\n<figure class=\"wp-block-image size-large\"><img decoding=\"async\" loading=\"lazy\" width=\"728\" height=\"1024\" src=\"https:\/\/lucianemedeiros.art.br\/wp-content\/uploads\/2023\/03\/Doressite-1-728x1024.jpg\" alt=\"\" class=\"wp-image-248\" srcset=\"https:\/\/lucianemedeiros.art.br\/wp-content\/uploads\/2023\/03\/Doressite-1-728x1024.jpg 728w, https:\/\/lucianemedeiros.art.br\/wp-content\/uploads\/2023\/03\/Doressite-1-213x300.jpg 213w, https:\/\/lucianemedeiros.art.br\/wp-content\/uploads\/2023\/03\/Doressite-1-768x1081.jpg 768w, https:\/\/lucianemedeiros.art.br\/wp-content\/uploads\/2023\/03\/Doressite-1-1091x1536.jpg 1091w, https:\/\/lucianemedeiros.art.br\/wp-content\/uploads\/2023\/03\/Doressite-1.jpg 1181w\" sizes=\"(max-width: 728px) 100vw, 728px\" \/><figcaption class=\"wp-element-caption\">Dores, 2021. Aquarela sobre papel<\/figcaption><\/figure>\n<\/div>\n<\/div>\n\n\n\n<p>Tra\u00e7ados, desenhos, flu\u00eancia de cores, palavras. Quanto mais adentro em mim, mais indirig\u00edvel me torno. Lan\u00e7o para fora o que jaz dentro. Agulhas e linhas, urg\u00eancia calmante. Tecido invis\u00edvel, rarefeito dos sentimentos. N\u00e3o dever\u00e1 estar por um fio o que no mar des\u00e1gua.<\/p>\n\n\n\n<div class=\"is-layout-flex wp-container-21 wp-block-columns\">\n<div class=\"is-layout-flow wp-block-column\">\n<figure class=\"wp-block-image size-full\"><img decoding=\"async\" loading=\"lazy\" width=\"567\" height=\"802\" src=\"https:\/\/lucianemedeiros.art.br\/wp-content\/uploads\/2023\/03\/Passageira_do_ventoSite-2.jpg\" alt=\"\" class=\"wp-image-249\" srcset=\"https:\/\/lucianemedeiros.art.br\/wp-content\/uploads\/2023\/03\/Passageira_do_ventoSite-2.jpg 567w, https:\/\/lucianemedeiros.art.br\/wp-content\/uploads\/2023\/03\/Passageira_do_ventoSite-2-212x300.jpg 212w\" sizes=\"(max-width: 567px) 100vw, 567px\" \/><figcaption class=\"wp-element-caption\">Passageira do Vento, 2017. Aquarela sobre papel<\/figcaption><\/figure>\n<\/div>\n\n\n\n<div class=\"is-layout-flow wp-block-column\">\n<figure class=\"wp-block-image size-full\"><img decoding=\"async\" loading=\"lazy\" width=\"567\" height=\"804\" src=\"https:\/\/lucianemedeiros.art.br\/wp-content\/uploads\/2023\/03\/Segredo-do-tempoSite-2.jpg\" alt=\"\" class=\"wp-image-250\" srcset=\"https:\/\/lucianemedeiros.art.br\/wp-content\/uploads\/2023\/03\/Segredo-do-tempoSite-2.jpg 567w, https:\/\/lucianemedeiros.art.br\/wp-content\/uploads\/2023\/03\/Segredo-do-tempoSite-2-212x300.jpg 212w\" sizes=\"(max-width: 567px) 100vw, 567px\" \/><figcaption class=\"wp-element-caption\">Segredo do Tempo, 2017. Aquarela sobre papel<\/figcaption><\/figure>\n<\/div>\n<\/div>\n\n\n\n<p>Irei roubar do tempo o tempo que me pertence. N\u00e3o se revela o que n\u00e3o existe. Os poros suam, suam, suam e se perguntam por que chove, mas as l\u00e1grimas simplesmente caem. \u00c9 preciso deix\u00e1-las fluir numa transgress\u00e3o ao senso comum.<\/p>\n\n\n\n<div class=\"is-layout-flex wp-container-23 wp-block-columns\">\n<div class=\"is-layout-flow wp-block-column\">\n<figure class=\"wp-block-image aligncenter size-full is-resized\"><img decoding=\"async\" loading=\"lazy\" src=\"https:\/\/lucianemedeiros.art.br\/wp-content\/uploads\/2023\/03\/PassagemSite-2.jpg\" alt=\"\" class=\"wp-image-252\" width=\"308\" height=\"414\" srcset=\"https:\/\/lucianemedeiros.art.br\/wp-content\/uploads\/2023\/03\/PassagemSite-2.jpg 567w, https:\/\/lucianemedeiros.art.br\/wp-content\/uploads\/2023\/03\/PassagemSite-2-224x300.jpg 224w\" sizes=\"(max-width: 308px) 100vw, 308px\" \/><figcaption class=\"wp-element-caption\">Passagem, 2022. Aquarela sobre papel<\/figcaption><\/figure>\n<\/div>\n<\/div>\n\n\n\n<p>Folhas, brotos de bambu ao relento, inquebr\u00e1veis como as sutilezas vastas do encontro com o destino. Sentir mais do que ver poderia ser chamado milagre. A vida brinca de forno, queima os p\u00e9s e quentes s\u00e3o as palavras rec\u00e9m-nascidas no vaso criativo, o \u00fatero.<\/p>\n\n\n\n<p><\/p>\n","protected":false},"excerpt":{"rendered":"<p>Pinturas e textos &#8211; Luciane Medeiros O corpo marcado, escrito em poesia, amado e por vezes descuidado, documenta as pinceladas aguadas. S\u00e3o como acr\u00e9scimos ininterruptos, marcados sobre a argila \u00famida. Sobre elas, sensa\u00e7\u00f5es onde n\u00e3o h\u00e1 n\u00f3s e nem nomes. As horas n\u00e3o s\u00e3o far\u00f3is em olhos e nem s\u00e3o s\u00e3s.\u00a0 A entrega \u00e9 sempre [&hellip;]<\/p>\n","protected":false},"author":1,"featured_media":0,"parent":0,"menu_order":0,"comment_status":"closed","ping_status":"closed","template":"","meta":[],"_links":{"self":[{"href":"https:\/\/lucianemedeiros.art.br\/index.php\/wp-json\/wp\/v2\/pages\/43"}],"collection":[{"href":"https:\/\/lucianemedeiros.art.br\/index.php\/wp-json\/wp\/v2\/pages"}],"about":[{"href":"https:\/\/lucianemedeiros.art.br\/index.php\/wp-json\/wp\/v2\/types\/page"}],"author":[{"embeddable":true,"href":"https:\/\/lucianemedeiros.art.br\/index.php\/wp-json\/wp\/v2\/users\/1"}],"replies":[{"embeddable":true,"href":"https:\/\/lucianemedeiros.art.br\/index.php\/wp-json\/wp\/v2\/comments?post=43"}],"version-history":[{"count":14,"href":"https:\/\/lucianemedeiros.art.br\/index.php\/wp-json\/wp\/v2\/pages\/43\/revisions"}],"predecessor-version":[{"id":255,"href":"https:\/\/lucianemedeiros.art.br\/index.php\/wp-json\/wp\/v2\/pages\/43\/revisions\/255"}],"wp:attachment":[{"href":"https:\/\/lucianemedeiros.art.br\/index.php\/wp-json\/wp\/v2\/media?parent=43"}],"curies":[{"name":"wp","href":"https:\/\/api.w.org\/{rel}","templated":true}]}}