{"id":54,"date":"2023-03-21T14:14:08","date_gmt":"2023-03-21T17:14:08","guid":{"rendered":"https:\/\/lucianemedeiros.art.br\/?page_id=54"},"modified":"2023-07-03T15:13:52","modified_gmt":"2023-07-03T18:13:52","slug":"inicio","status":"publish","type":"page","link":"https:\/\/lucianemedeiros.art.br\/index.php\/inicio\/","title":{"rendered":"Luciane Medeiros"},"content":{"rendered":"\t\t<div data-elementor-type=\"wp-page\" data-elementor-id=\"54\" class=\"elementor elementor-54\">\n\t\t\t\t\t\t\t\t\t<section class=\"elementor-section elementor-top-section elementor-element elementor-element-553ee3a7 elementor-section-boxed elementor-section-height-default elementor-section-height-default\" data-id=\"553ee3a7\" data-element_type=\"section\">\n\t\t\t\t\t\t<div class=\"elementor-container elementor-column-gap-default\">\n\t\t\t\t\t<div class=\"elementor-column elementor-col-100 elementor-top-column elementor-element elementor-element-582a0b25\" data-id=\"582a0b25\" data-element_type=\"column\">\n\t\t\t<div class=\"elementor-widget-wrap elementor-element-populated\">\n\t\t\t\t\t\t\t\t<div class=\"elementor-element elementor-element-242078e1 elementor-widget elementor-widget-text-editor\" data-id=\"242078e1\" data-element_type=\"widget\" data-widget_type=\"text-editor.default\">\n\t\t\t\t<div class=\"elementor-widget-container\">\n\t\t\t<style>\/*! elementor - v3.11.5 - 14-03-2023 *\/\n.elementor-widget-text-editor.elementor-drop-cap-view-stacked .elementor-drop-cap{background-color:#818a91;color:#fff}.elementor-widget-text-editor.elementor-drop-cap-view-framed .elementor-drop-cap{color:#818a91;border:3px solid;background-color:transparent}.elementor-widget-text-editor:not(.elementor-drop-cap-view-default) .elementor-drop-cap{margin-top:8px}.elementor-widget-text-editor:not(.elementor-drop-cap-view-default) .elementor-drop-cap-letter{width:1em;height:1em}.elementor-widget-text-editor .elementor-drop-cap{float:left;text-align:center;line-height:1;font-size:50px}.elementor-widget-text-editor .elementor-drop-cap-letter{display:inline-block}<\/style>\t\t\t\t<p><!-- wp:paragraph --><\/p>\n<p><strong>Quem sou eu, a artista?\u00a0<\/strong><\/p>\n<p><!-- \/wp:paragraph --><\/p>\n<p><!-- wp:paragraph --><\/p>\n<p>Desde sempre, a arte tem sido uma constante em minha exist\u00eancia. Deparar-me com as impossibilidades e os limites na vida impulsionaram-me em dire\u00e7\u00e3o a uma for\u00e7a motriz, uma t\u00f4nica para a express\u00e3o da criatividade em mim. Os tra\u00e7os, os riscos, os desenhos me revelam o qu\u00e3o t\u00e3o profundamente sou habitada pela energia vital. Agem como cartas, cartografias a me guiarem pelo mar imenso, reduto de poesia e de for\u00e7a.\u00a0<\/p>\n<p><!-- \/wp:paragraph --><\/p>\n<p><!-- wp:paragraph --><\/p>\n<p>Sem planejamento, sem modelos ou imagens pr\u00e9vias me lan\u00e7o prazerosamente \u00e0 aventura de forjar imagens, de cri\u00e1-las e, nessa aventura, esque\u00e7o-me do tempo. A espontaneidade se instala t\u00e3o plenamente que me surpreendo com o que aparece nas folhas. Nessa jornada, a representa\u00e7\u00e3o da natureza integra as pinturas e vem como alimento para a alma.\u00a0<\/p>\n<p><!-- \/wp:paragraph --><\/p>\n<p><!-- wp:paragraph {\"fontSize\":\"small\"} --><\/p>\n<p class=\"has-small-font-size\">Artista Pl\u00e1stica, Arte-educadora pela Universidade Federal do Rio Grande do Norte, Especialista em Arteterapia pela Universidade Potiguar- UnP, em parceria com o Alquimy Art\/SP, S\u00f3cia-fundadora da Associa\u00e7\u00e3o Potiguar de Arteterapia \u2013 ASPOART e Assessora Pedag\u00f3gica da Secretaria Municipal de Educa\u00e7\u00e3o de Natal.\u00a0<\/p>\n<p><!-- \/wp:paragraph --><\/p>\n<p><!-- wp:paragraph {\"fontSize\":\"large\"} --><\/p>\n<p class=\"has-large-font-size\">Exposi\u00e7\u00f5es individuais<\/p>\n<p><!-- \/wp:paragraph --><\/p>\n<p><!-- wp:paragraph --><\/p>\n<p>2023 &#8211; Vest\u00edgios. Galeria D&#8217;Arts Jos\u00e9 Val\u00e9rio Cavalcanti -Alian\u00e7a Francesa de Natal\/Natal RN<\/p>\n<p><!-- \/wp:paragraph --><\/p>\n<p><!-- wp:paragraph --><\/p>\n<p>2018 &#8211; Natureza. V Jornada Interdisciplinar do Instituto Bem-Te-Vi &#8211; Audit\u00f3rio da UNI-RN\/Natal RN<\/p>\n<p><!-- \/wp:paragraph --><\/p>\n<p><!-- wp:paragraph --><\/p>\n<p>2017 &#8211; Risco em Folhas. VI Jornada Interdisciplinar do Instituto Bem-Te-Vi &#8211; Audit\u00f3rio da UNI-RN\/Natal RN<\/p>\n<p><!-- \/wp:paragraph --><\/p>\n<p><!-- wp:paragraph --><\/p>\n<p>1988 &#8211; Luciane Medeiros. Galeria CRIARE Natal\/RN<\/p>\n<p><!-- \/wp:paragraph --><\/p>\n<p><!-- wp:paragraph {\"fontSize\":\"large\"} --><\/p>\n<p class=\"has-large-font-size\">Exposi\u00e7\u00f5es Coletivas<\/p>\n<p><!-- \/wp:paragraph --><\/p>\n<p><!-- wp:paragraph --><\/p>\n<p>2003 &#8211; Exposi\u00e7\u00e3o coletiva promovida pelo Instituto Educacional Casa escola Natal\/RN<\/p>\n<p><!-- \/wp:paragraph --><\/p>\n<p><!-- wp:paragraph --><\/p>\n<p>2022 &#8211; III Encontro Internacional de Aquarelistas &#8211; Biblioteca Estadual C\u00e2mara Cascudo \/NatalRN<\/p>\n<p><!-- \/wp:paragraph --><\/p>\n<p><!-- wp:paragraph --><\/p>\n<p>2022 &#8211; <a href=\"https:\/\/www.youtube.com\/watch?v=nFiJkrOe95I\">III EIAN &#8211; EXPOSI\u00c7\u00c3O VIRTUAL (Encontro Internacional de Aquarelistas Natal\/RN 2022) &#8211; YouTube<\/a><\/p>\n<p>2023 &#8211; L&#8217;exposition &#8220;Collectif 2023&#8221; &#8211; Galerie la Mosa\u00efque &#8211; Saint Jean,\u00a0 France<\/p>\n<p><!-- \/wp:paragraph --><\/p>\t\t\t\t\t\t<\/div>\n\t\t\t\t<\/div>\n\t\t\t\t\t<\/div>\n\t\t<\/div>\n\t\t\t\t\t\t\t<\/div>\n\t\t<\/section>\n\t\t\t\t\t\t\t<\/div>\n\t\t","protected":false},"excerpt":{"rendered":"<p>Quem sou eu, a artista?\u00a0 Desde sempre, a arte tem sido uma constante em minha exist\u00eancia. Deparar-me com as impossibilidades e os limites na vida impulsionaram-me em dire\u00e7\u00e3o a uma for\u00e7a motriz, uma t\u00f4nica para a express\u00e3o da criatividade em mim. Os tra\u00e7os, os riscos, os desenhos me revelam o qu\u00e3o t\u00e3o profundamente sou habitada [&hellip;]<\/p>\n","protected":false},"author":1,"featured_media":0,"parent":0,"menu_order":0,"comment_status":"closed","ping_status":"closed","template":"","meta":[],"_links":{"self":[{"href":"https:\/\/lucianemedeiros.art.br\/index.php\/wp-json\/wp\/v2\/pages\/54"}],"collection":[{"href":"https:\/\/lucianemedeiros.art.br\/index.php\/wp-json\/wp\/v2\/pages"}],"about":[{"href":"https:\/\/lucianemedeiros.art.br\/index.php\/wp-json\/wp\/v2\/types\/page"}],"author":[{"embeddable":true,"href":"https:\/\/lucianemedeiros.art.br\/index.php\/wp-json\/wp\/v2\/users\/1"}],"replies":[{"embeddable":true,"href":"https:\/\/lucianemedeiros.art.br\/index.php\/wp-json\/wp\/v2\/comments?post=54"}],"version-history":[{"count":15,"href":"https:\/\/lucianemedeiros.art.br\/index.php\/wp-json\/wp\/v2\/pages\/54\/revisions"}],"predecessor-version":[{"id":267,"href":"https:\/\/lucianemedeiros.art.br\/index.php\/wp-json\/wp\/v2\/pages\/54\/revisions\/267"}],"wp:attachment":[{"href":"https:\/\/lucianemedeiros.art.br\/index.php\/wp-json\/wp\/v2\/media?parent=54"}],"curies":[{"name":"wp","href":"https:\/\/api.w.org\/{rel}","templated":true}]}}